{"id":31,"date":"2022-03-27T19:30:31","date_gmt":"2022-03-27T17:30:31","guid":{"rendered":"http:\/\/www.wp.erzieherinnenausbildung.de\/?page_id=31"},"modified":"2022-03-27T20:07:12","modified_gmt":"2022-03-27T18:07:12","slug":"herzlichen-willkommen-im-fachforum-erzieherinnenausbildung","status":"publish","type":"page","link":"https:\/\/erzieherinnenausbildung.de\/","title":{"rendered":"Herzlichen Willkommen im FachForum ErzieherInnenausbildung"},"content":{"rendered":"\n<p>Das <strong>Fachforum<\/strong> <a rel=\"noreferrer noopener\" href=\"http:\/\/f9391.nexusboard.de\/\" target=\"_blank\"><strong>ErzieherInnenausbildung<\/strong><\/a> bietet die M\u00f6glichkeit Fachdiskussionen rund um das Thema ErzieherInnenausbildung auch \u00fcber die Grenzen von Bundesl\u00e4ndern, Berufsverb\u00e4nden, Gewerkschaften, Fachverb\u00e4nden und den einzelnen Fachschulen f\u00fcr Sozialp\u00e4dagogik hinweg, gemeinsam und online zu f\u00fchren.\u00a0<\/p>\n\n\n\n<p>Hier gelangen Sie zum Fachforum:  <a rel=\"noreferrer noopener\" href=\"http:\/\/f9391.nexusboard.de\/\" target=\"_blank\"><strong>ErzieherInnenausbildung<\/strong><\/a><\/p>\n\n\n\n<p><\/p>\n\n\n\n<p>Diese Seite befindet sich im Moment im Umbau. Bitte haben Sie etwas Geduld.<\/p>\n","protected":false},"excerpt":{"rendered":"<p>Das Fachforum ErzieherInnenausbildung bietet die M\u00f6glichkeit Fachdiskussionen rund um das Thema ErzieherInnenausbildung auch \u00fcber die Grenzen von Bundesl\u00e4ndern, Berufsverb\u00e4nden, Gewerkschaften, Fachverb\u00e4nden und den einzelnen Fachschulen f\u00fcr Sozialp\u00e4dagogik hinweg, gemeinsam und online zu f\u00fchren.\u00a0 Hier gelangen Sie zum Fachforum: ErzieherInnenausbildung Diese Seite befindet sich im Moment im Umbau. Bitte haben Sie etwas Geduld.<\/p>\n","protected":false},"author":1,"featured_media":0,"parent":0,"menu_order":0,"comment_status":"closed","ping_status":"closed","template":"","meta":{"_bbp_topic_count":0,"_bbp_reply_count":0,"_bbp_total_topic_count":0,"_bbp_total_reply_count":0,"_bbp_voice_count":0,"_bbp_anonymous_reply_count":0,"_bbp_topic_count_hidden":0,"_bbp_reply_count_hidden":0,"_bbp_forum_subforum_count":0,"footnotes":""},"class_list":["post-31","page","type-page","status-publish","hentry"],"_links":{"self":[{"href":"https:\/\/erzieherinnenausbildung.de\/index.php?rest_route=\/wp\/v2\/pages\/31","targetHints":{"allow":["GET"]}}],"collection":[{"href":"https:\/\/erzieherinnenausbildung.de\/index.php?rest_route=\/wp\/v2\/pages"}],"about":[{"href":"https:\/\/erzieherinnenausbildung.de\/index.php?rest_route=\/wp\/v2\/types\/page"}],"author":[{"embeddable":true,"href":"https:\/\/erzieherinnenausbildung.de\/index.php?rest_route=\/wp\/v2\/users\/1"}],"replies":[{"embeddable":true,"href":"https:\/\/erzieherinnenausbildung.de\/index.php?rest_route=%2Fwp%2Fv2%2Fcomments&post=31"}],"version-history":[{"count":2,"href":"https:\/\/erzieherinnenausbildung.de\/index.php?rest_route=\/wp\/v2\/pages\/31\/revisions"}],"predecessor-version":[{"id":48,"href":"https:\/\/erzieherinnenausbildung.de\/index.php?rest_route=\/wp\/v2\/pages\/31\/revisions\/48"}],"wp:attachment":[{"href":"https:\/\/erzieherinnenausbildung.de\/index.php?rest_route=%2Fwp%2Fv2%2Fmedia&parent=31"}],"curies":[{"name":"wp","href":"https:\/\/api.w.org\/{rel}","templated":true}]}}